{"id":17548,"date":"2025-09-26T13:38:18","date_gmt":"2025-09-26T11:38:18","guid":{"rendered":"https:\/\/magliettepersonalizzateroma.com\/staging02052026\/?page_id=17548"},"modified":"2026-04-03T14:00:49","modified_gmt":"2026-04-03T12:00:49","slug":"condizione-di-vendita","status":"publish","type":"page","link":"https:\/\/magliettepersonalizzateroma.com\/staging02052026\/condizione-di-vendita\/","title":{"rendered":"Condizione di vendita"},"content":{"rendered":"\n<\/p>\n<h3>Pagamento:<\/h3>\n<p><span>Dopo la conferma dell\u2019ordine tramite w.app \u00e8<strong>\u00a0<\/strong>possibile pagare a distanza con: Pos virtuale, Paypal, Satispay, Hype, N26, Revolut, ricarica postapay.<\/span><\/p>\n<h3>Politica di reso<\/h3>\n<p><span>Sostituiamo o rimborsiamo qualsiasi articolo che risulti difettoso, danneggiato o non conforme all\u2019ordine entro 10 giorni dall\u2019avvenuta consegna. Per qualsiasi problema\u00a0contattaci! Non \u00e8 possibile fare resi o rimborsi dovuti a ripensamenti circa l\u2019acquisto o il tipo di personalizzazione richiesto, dato che il diritto di recesso\u00a0<\/span><em>non<\/em><span>\u00a0si applica agli articoli personalizzati (<\/span><a title=\"D.Lgs 185\/99 - assenza diritto di recesso articoli personalizzati\" href=\"http:\/\/www.camera.it\/parlam\/leggi\/deleghe\/99185dl.htm\" target=\"_blank\" rel=\"noopener\">art. 5 comma 3 lettera c del D.Lgs. 185 del 22\/05\/99<\/a><span>).<\/span><\/p>\n<h3>Copyright<\/h3>\n<p><span>La propriet\u00e0 intellettuale e\/o industriale delle informazioni e di tutto il materiale inviato dal cliente per la realizzazione della personalizzazione della merce ordinata resta di esclusiva propriet\u00e0 del cliente.<\/span><\/p>\n<h3>Assunzione di responsabilit\u00e0<\/h3>\n<p><span>t-shirtmaker di hamed tarik\u00a0 non \u00e8 responsabile in nessun caso dei materiali inviati da terzi per la realizzazione di magliette o articoli personalizzati, siano essi testi, immagini o opere grafiche e non si assume alcuna responsabilit\u00e0 per eventuali danni causati dalla realizzazione, dalla commercializzazione o dalla pubblicazione di suddetti articoli personalizzati. L\u2019utilizzo del servizio t-shirtmaker di hamed tarik per la stampa di articoli personalizzati implica l\u2019accettazione della seguente assunzione di responsabilit\u00e0 da parte dell\u2019utente: L\u2019utente \u00e8 il solo responsabile della realizzazione degli articoli personalizzati da lui ordinati e per suo conto realizzati dalla ditta t-shirtmaker di hamed tarik, e manleva la ditta t-shirtmaker di hamed tarik. da ogni responsabilit\u00e0 derivante dalla realizzazione e dalla commercializzazione degli articoli da lui realizzati o ordinati. In particolare l\u2019utente \u00e8 integralmente responsabile, di fronte alla t-shirtmaker di hamed tarik. e a terzi, nel caso di realizzazione e commercializzazione di articoli contenenti materiale:<\/span><\/p>\n<ul>\n<li>protetto da Copyright da altri diritti di propriet\u00e0 intellettuale,<\/li>\n<li>osceno, diffamatorio, o offensivo della morale pubblica,<\/li>\n<li>che comunque possa offendere o danneggiare terzi.<\/li>\n<\/ul>\n<p><span>t-shirtmaker di hamed tarik, non ha l\u2019obbligo di selezionare il materiale inviato dal cliente per la realizzazione di articoli personalizzati, ma si riserva il diritto di non evadere gli ordini i cui contenuti di stampa vengano considerati illegali od offensivi.<\/span><\/p>\n<h3>Privacy<\/h3>\n<p align=\"justify\">L\u2019indirizzo di posta elettronica e ogni dato personale del cliente viene custodito dat-shirtmaker di hamed tarik\u00a0 al solo scopo di processare gli ordini. Non sar\u00e0 in ogni caso e in nessun momento utilizzato per finalit\u00e0 diversi o portato a conoscenza di societ\u00e0 terze.<\/p>\n<p align=\"justify\">Le immagini e le grafiche usate dal cliente per creare i propri progetti non saranno rese pubbliche o cedute a terzi, e verranno conservate in modo da consentire all\u2019utente di riordinare lo stesso progetto pi\u00f9 volte.<\/p>\n<p align=\"justify\">Ogni procedura di trattamento dei dati avviene conformemente alle leggi in vigore in Italia secondo l\u2019art. 13 del d.lgs. n. 196\/2003 del Codice sulla tutela dei dati personali.<\/p>\n<p align=\"justify\">Con la compilazione dell\u2019anagrafica clienti e l\u2019accettazione delle presenti condizioni, l\u2019acquirente esprime il consenso al trattamento e comunicazione dei propri dati personali per le finalit\u00e0 sopra indicate.<\/p>\n<p align=\"justify\">In caso di mancata accettazione delle presenti condizioni,\u00a0t-shirtmaker di hamed tarik non sar\u00e0 in condizione di gestire la procedura di stampa e spedizione degli articoli personalizzati.<\/p>\n<p align=\"justify\">I dati finanziari dei clienti (numeri carte di credito), trasmessi per processare i pagamenti, non verranno conservati da t-shirtmaker di hamed tarik.\u00a0 Maggiori informazioni sul trattamento dei dati relativi alle diverse modalit\u00e0 di pagamento alla pagina<span>\u00a0<\/span><strong>Metodi di pagamento \u2013 Prezzi.(in lavorazione)<\/strong><\/p>\n<p align=\"justify\"><\/p>\n<p><span>Il costo degli articoli pubblicati nel sito comprende la personalizzazione, i prezzi possono variare in base ai file e tipologia di stampa ed eventuali interventi grafici.<\/span><\/p>\n<p align=\"justify\"><\/p>\n<p><span>La consegna a domicilio ha un costo a partire da 10 euro (da calcolare in base alla distanza dalla nostra sede ed in base alla disponibilita\u2019 dei nostri collaboratori per la consegna).<\/span><\/p>\n<p align=\"justify\"><\/p>\n<p><span>La spedizione (se richiesto) sar\u00e0 effettuata dai 1 ai 2 giorni lavorativi dal giorno successivo all\u2019approvazione dell\u2019ordine ed il pagamento, salvo casi eccezionali<\/span><\/p>\n<p align=\"justify\"><\/p>\n<p><span>Eventuali ordini confermati con pagamento ma con (mancanza file,o qualit\u00e0 bassa dei file) verranno lavorati a partire dall\u2019approvazione stessa.<\/span><\/p>\n<p align=\"justify\"><\/p>\n<p><span>In caso di avvenimenti straordinari o indisponibilit\u00e0 di magazzino, l\u2019invio della merce non potr\u00e0 subire ritardi oltre il limite di legge fissato in 30 giorni. Per sicurezza meglio accertare tramite w.app al 3292060226.<\/span><\/p>\n<p align=\"justify\"><\/p>\n<p><span>T-shirt maker declina ogni responsabilit\u00e0 per gli errori contenuti nei materiali dopo che il committente abbia inviato la bozza di stampa o eventuale testo o grafica.<\/span><\/p>\n<p align=\"justify\"><\/p>\n<p><span>T-shirt maker declina ogni responsabilit\u00e0 per merce arrivata danneggiata se non si ritira con riserva. (Si consiglia di firmare sempre con riserva soprattutto quando si tratta di Insegne, pannelli o altri materiali fragili tipo ceramica).<\/span><\/p>\n<p align=\"justify\"><\/p>\n<p><span>La bozza di stampa viene preparata ed inviata per permettere dal committente dopo verificare tutto il lavoro prima di inviarcelo per la stampa (in particolar modo l\u2019esatta battitura dei testi), pertanto la revisione e l\u2019approvazione di essa \u00e8 di competenza del committente.<\/span><\/p>\n<p align=\"justify\"><\/p>\n<p><span>La produzione degli articoli viene iniziata nel minor tempo possibile ed in base alla bozza di stampa inviata dal committente.<\/span><\/p>\n<p align=\"justify\"><\/p>\n<p><span>Con l\u2019approvazione e dal pagamento dell\u2019ordine il committente s\u2019impegna all\u2019acquisto della merce prodotta.<\/span><\/p>\n<p align=\"justify\"><\/p>\n<p><span>In caso di annullamento ingiustificato di un ordine, ci riserviamo di trattenere la somma di \u20ac 20,00 per lavoro di grafica ect. effettuato e per la gestione dell\u2019ordine.<\/span><\/p>\n<p align=\"justify\"><\/p>\n<p><span>Non \u00e8 possibile fare resi o rimborsi dovuti a ripensamenti circa l\u2019acquisto o il tipo di personalizzazione richiesto, dato che il diritto di recesso\u00a0<\/span><em>non<\/em><span>\u00a0si applica agli articoli personalizzati (<\/span><a href=\"http:\/\/www.camera.it\/parlam\/leggi\/deleghe\/99185dl.htm\" target=\"_blank\" rel=\"noopener\">art. 5 comma 3 lettera c del D.Lgs. 185 del 22\/05\/99<\/a><span>).<\/span><\/p>\n<p>\n\n\n<\/p>\n<p>\n\n\n<\/p>\n<h2 class=\"wp-block-heading\"><\/h2>\n<p>\n\n\n<\/p>\n<p>\n\n\n<\/p>\n<p>\n","protected":false},"excerpt":{"rendered":"<p>Pagamento: Dopo la conferma dell\u2019ordine tramite w.app \u00e8\u00a0possibile pagare a distanza con: Pos virtuale, Paypal, Satispay, Hype, N26, Revolut, ricarica postapay. Politica di reso Sostituiamo o rimborsiamo qualsiasi articolo che risulti difettoso, danneggiato o non conforme all\u2019ordine entro 10 giorni dall\u2019avvenuta consegna. Per qualsiasi problema\u00a0contattaci! Non \u00e8 possibile fare resi o rimborsi dovuti a ripensamenti&#8230;<\/p>\n","protected":false},"author":1,"featured_media":0,"parent":0,"menu_order":0,"comment_status":"closed","ping_status":"closed","template":"","meta":{"_kad_post_transparent":"","_kad_post_title":"","_kad_post_layout":"","_kad_post_sidebar_id":"","_kad_post_content_style":"","_kad_post_vertical_padding":"","_kad_post_feature":"","_kad_post_feature_position":"","_kad_post_header":false,"_kad_post_footer":false,"_kad_post_classname":"","footnotes":""},"class_list":["post-17548","page","type-page","status-publish","hentry"],"_links":{"self":[{"href":"https:\/\/magliettepersonalizzateroma.com\/staging02052026\/wp-json\/wp\/v2\/pages\/17548","targetHints":{"allow":["GET"]}}],"collection":[{"href":"https:\/\/magliettepersonalizzateroma.com\/staging02052026\/wp-json\/wp\/v2\/pages"}],"about":[{"href":"https:\/\/magliettepersonalizzateroma.com\/staging02052026\/wp-json\/wp\/v2\/types\/page"}],"author":[{"embeddable":true,"href":"https:\/\/magliettepersonalizzateroma.com\/staging02052026\/wp-json\/wp\/v2\/users\/1"}],"replies":[{"embeddable":true,"href":"https:\/\/magliettepersonalizzateroma.com\/staging02052026\/wp-json\/wp\/v2\/comments?post=17548"}],"version-history":[{"count":0,"href":"https:\/\/magliettepersonalizzateroma.com\/staging02052026\/wp-json\/wp\/v2\/pages\/17548\/revisions"}],"wp:attachment":[{"href":"https:\/\/magliettepersonalizzateroma.com\/staging02052026\/wp-json\/wp\/v2\/media?parent=17548"}],"curies":[{"name":"wp","href":"https:\/\/api.w.org\/{rel}","templated":true}]}}