{"id":13742,"date":"2023-08-01T15:46:31","date_gmt":"2023-08-01T13:46:31","guid":{"rendered":"https:\/\/magliettepersonalizzateroma.com\/staging02052026\/?post_type=product&#038;p=13742"},"modified":"2023-08-01T16:35:40","modified_gmt":"2023-08-01T14:35:40","slug":"affittasi-solo-magliette-divertenti","status":"publish","type":"product","link":"https:\/\/magliettepersonalizzateroma.com\/staging02052026\/prodotto\/affittasi-solo-magliette-divertenti\/","title":{"rendered":"affittasi solo-Magliette Divertenti"},"content":{"rendered":"<h3 style=\"text-align: center;\">\u00a0vasta scelta di magliette in pronta consegna*.<\/h3>\n<h1 style=\"text-align: center;\"><a href=\"https:\/\/magliettepersonalizzateroma.com\/staging02052026\/categoria-prodotto\/pronta-consegna\/\"><strong>Magliette Divertenti<\/strong><\/a><\/h1>\n<p style=\"text-align: center;\">ottima scelta per un regalo al&#8217;ultimo momento*.<\/p>\n<p style=\"text-align: center;\">*salvo <em>disponibilit\u00e0<\/em> presso i nostri <em>magazzini<\/em><\/p>\n<h3 style=\"text-align: center;\">possibile anche spedire e consegna a casa(a pagamento)<\/h3>\n<h3 style=\"text-align: center;\"><strong>Cellulare:<\/strong><strong>329.2060226 <\/strong><\/h3>\n<h3 style=\"text-align: center;\"><strong>MAIL:<\/strong><strong><a href=\"mailto:stamperia99@gmail.com\">stamperia99@gmail.com<\/a><\/strong><\/h3>\n<h3 style=\"text-align: center;\">al momento per ordinare manda un w.app al 3292060226 vi seguiamo noi<\/h3>\n<h4 style=\"text-align: center;\"><a href=\"https:\/\/magliettepersonalizzateroma.com\/staging02052026\/categoria-prodotto\/pronta-consegna\/\"><strong>Magliette Divertenti<\/strong><\/a><\/h4>\n<h3 style=\"text-align: center;\"><a href=\"https:\/\/api.whatsapp.com\/send?phone=393292060226&amp;text=&amp;source=&amp;data=\" target=\"_blank\" rel=\"noopener noreferrer\"><img loading=\"lazy\" decoding=\"async\" class=\"irc_mi aligncenter\" src=\"https:\/\/www.freepnglogos.com\/uploads\/whatsapp-png-image-9.png\" alt=\"Risultati immagini per LOGO W.APP\" width=\"108\" height=\"108\" title=\"\"><\/a><\/h3>\n<p>da t-shirtmaker possibile trovare tante idee regalo personalizzate con foto e testo e Mgliette Divertenti in tante misure e colori e anche tazze e borracce e quadri e tanti idee regalo per tutti Mgliette Divertenti con varie stampe ed anche Mgliette Divertenti personalizzate, consegna veloce in poche ore possibile anche consegna a casa. nel sito possibile anche personalizzare i vostri disegni con foto e testo e scegliere la grafica e creare anteprima e ordinare a distanza e venire solo per ritirare in sede ma anche possibile consegna a casa in poco tempo.i nostri prodotti sono tantissimi, borracce personalizzati,cuscini personalizzati, tazze personalizzate, cover personalizzati, magliette personalizzate, Felpe personalizzati, quadri personalizzati, portachiavi personalizzati,<\/p>\n<p><strong>Personalizza il tuo stile con articoli personalizzati<\/strong><\/p>\n<p>Gli articoli personalizzati sono un ottimo modo per esprimere il tuo stile e la tua personalit\u00e0. Possono essere utilizzati per qualsiasi occasione, da un evento speciale a un semplice giorno di lavoro.<\/p>\n<p>Ecco alcuni dei vantaggi degli articoli personalizzati:<\/p>\n<ul>\n<li><strong>Sono unici e originali.<\/strong> Non troverai nessun altro articolo con lo stesso design del tuo.<\/li>\n<li><strong>Sono un modo per esprimere te stesso.<\/strong> Puoi personalizzare i tuoi articoli con il tuo nome, le tue iniziali, una frase speciale o qualsiasi altro dettaglio che ti piace.<\/li>\n<li><strong>Sono un regalo perfetto per te o per una persona cara.<\/strong> Un articolo personalizzato \u00e8 un regalo unico e speciale che sar\u00e0 apprezzato da chiunque lo riceva.<\/li>\n<\/ul>\n<p>Se stai cercando un modo per rendere unico il tuo stile, gli articoli personalizzati sono la soluzione perfetta per te. Ecco alcuni suggerimenti per scegliere gli articoli personalizzati giusti per te:<\/p>\n<ul>\n<li><strong>Pensa all&#8217;occasione per cui utilizzerai gli articoli personalizzati.<\/strong> Se li utilizzerai per un evento speciale, come un matrimonio o una laurea, opta per articoli eleganti e raffinati. Se li utilizzerai per un giorno di lavoro, opta per articoli pi\u00f9 casual e pratici.<\/li>\n<li><strong>Scegli un design che ti piace e che ti rispecchi.<\/strong> Non aver paura di sperimentare e di scegliere un design che sia unico e originale.<\/li>\n<li><strong>Personalizza i tuoi articoli con il tuo nome, le tue iniziali o una frase speciale.<\/strong> Questo render\u00e0 i tuoi articoli ancora pi\u00f9 unici e speciali.<\/li>\n<\/ul>\n<p>Ordina i tuoi articoli personalizzati oggi e rendi il tuo stile unico!<\/p>\n<p><strong>Ecco alcuni esempi di articoli personalizzati che puoi acquistare:<\/strong><\/p>\n<ul>\n<li><strong>T-shirt<\/strong><\/li>\n<li><strong>Magliette<\/strong><\/li>\n<li><strong>Cappellini<\/strong><\/li>\n<li><strong>Borse<\/strong><\/li>\n<li><strong>Zaini<\/strong><\/li>\n<li><strong>Portafoglio<\/strong><\/li>\n<li><strong>Occhiali da sole<\/strong><\/li>\n<li><strong>Orologi<\/strong><\/li>\n<li><strong>Accessori per la casa<\/strong><\/li>\n<li><strong>e molto altro ancora!<\/strong><\/li>\n<\/ul>\n<p>Gli articoli personalizzati sono disponibili in una variet\u00e0 di colori, stili e materiali. Puoi scegliere l&#8217;articolo che pi\u00f9 si adatta al tuo stile e alla tua personalit\u00e0.<\/p>\n<p>Ordina i tuoi articoli personalizzati oggi e rendi il tuo stile unico!<\/p>\n<p>Se stai cercando un modo per rendere unico il tuo stile, gli articoli personalizzati sono la soluzione perfetta per te. Ecco alcuni suggerimenti per scegliere gli articoli personalizzati giusti per te:<\/p>\n<ul>\n<li><strong>Pensa all&#8217;occasione per cui utilizzerai gli articoli personalizzati.<\/strong> Se li utilizzerai per un evento speciale, come un matrimonio o una laurea, opta per articoli eleganti e raffinati. Se li utilizzerai per un giorno di lavoro, opta per articoli pi\u00f9 casual e pratici.<\/li>\n<li><strong>\u00a0design che ti piace<\/strong><\/li>\n<li>\n<h3>possibile spedire e consegna<\/h3>\n<\/li>\n<\/ul>\n","protected":false},"excerpt":{"rendered":"<div class=\"\">\n<h3 style=\"text-align: center;\">\u00a0vasta scelta di magliette in pronta consegna*.<\/h3>\n<p style=\"text-align: center;\">ottima scelta per un regalo al&#8217;ultimo momento*.<\/p>\n<p style=\"text-align: center;\">*salvo <em>disponibilit\u00e0<\/em> presso i nostri <em>magazzini<\/em><\/p>\n<h3 style=\"text-align: center;\">possibile anche spedire e consegna a casa(a pagamento)<\/h3>\n<\/div>\n<p style=\"text-align: center;\"><strong>Stampa ad alta qualit\u00e0 resistente ai lavaggi.<\/strong><\/p>\n<p style=\"text-align: center;\"><strong>inserisci nel carrello invia ordine per w.app<\/strong><\/p>\n","protected":false},"featured_media":13745,"template":"","meta":{"_kad_post_transparent":"","_kad_post_title":"","_kad_post_layout":"","_kad_post_sidebar_id":"","_kad_post_content_style":"","_kad_post_vertical_padding":"","_kad_post_feature":"","_kad_post_feature_position":"","_kad_post_header":false,"_kad_post_footer":false,"_kad_post_classname":""},"product_brand":[],"product_cat":[254],"product_tag":[286],"class_list":{"0":"post-13742","1":"product","2":"type-product","3":"status-publish","4":"has-post-thumbnail","6":"product_cat-magliette-divertenti-express","7":"product_tag-magliette-divertenti","8":"pa_colore-manica-corta-30-bianco","9":"pa_colore-manica-corta-36-nero","10":"pa_misure-adulti-larg","11":"pa_misure-adulti-media","12":"pa_misure-adulti-small","13":"pa_misure-adulti-xlarg","15":"first","16":"instock","17":"shipping-taxable","18":"purchasable","19":"product-type-variable","20":"entry","21":"content-bg","22":"loop-entry"},"_links":{"self":[{"href":"https:\/\/magliettepersonalizzateroma.com\/staging02052026\/wp-json\/wp\/v2\/product\/13742","targetHints":{"allow":["GET"]}}],"collection":[{"href":"https:\/\/magliettepersonalizzateroma.com\/staging02052026\/wp-json\/wp\/v2\/product"}],"about":[{"href":"https:\/\/magliettepersonalizzateroma.com\/staging02052026\/wp-json\/wp\/v2\/types\/product"}],"wp:featuredmedia":[{"embeddable":true,"href":"https:\/\/magliettepersonalizzateroma.com\/staging02052026\/wp-json\/wp\/v2\/media\/13745"}],"wp:attachment":[{"href":"https:\/\/magliettepersonalizzateroma.com\/staging02052026\/wp-json\/wp\/v2\/media?parent=13742"}],"wp:term":[{"taxonomy":"product_brand","embeddable":true,"href":"https:\/\/magliettepersonalizzateroma.com\/staging02052026\/wp-json\/wp\/v2\/product_brand?post=13742"},{"taxonomy":"product_cat","embeddable":true,"href":"https:\/\/magliettepersonalizzateroma.com\/staging02052026\/wp-json\/wp\/v2\/product_cat?post=13742"},{"taxonomy":"product_tag","embeddable":true,"href":"https:\/\/magliettepersonalizzateroma.com\/staging02052026\/wp-json\/wp\/v2\/product_tag?post=13742"}],"curies":[{"name":"wp","href":"https:\/\/api.w.org\/{rel}","templated":true}]}}