{"id":14320,"date":"2023-11-26T20:05:10","date_gmt":"2023-11-26T19:05:10","guid":{"rendered":"https:\/\/magliettepersonalizzateroma.com\/staging02052026\/?post_type=product&#038;p=14320"},"modified":"2026-04-19T12:10:42","modified_gmt":"2026-04-19T10:10:42","slug":"addobbi-natalizi-personalizzati-tondo","status":"publish","type":"product","link":"https:\/\/magliettepersonalizzateroma.com\/staging02052026\/prodotto\/addobbi-natalizi-personalizzati-tondo\/","title":{"rendered":"Addobbi Natalizi Personalizzati &#8211; Tondo"},"content":{"rendered":"<h2 style=\"text-align: center;\">Addobbi Natalizi Personalizzati &#8211; Tondo<\/h2>\n<ul>\n<li class=\"a-spacing-mini\"><span class=\"a-list-item\"> \u3010Palline di natale personalizzato per la raccolta dei ricordi\u3011 Raccogliete i ricordi attaccando le foto commemorative sulla pallina di Natale; attaccate le foto piene di ricordi sulla pallina di Natale personalizzata e appendetela all&#8217;albero di Natale, cos\u00ec potrete vedere i bei momenti che ci sono stati una volta; \u00e8 uno sguardo indietro a quest&#8217;anno e uno sguardo in avanti al nuovo anno, e ogni volta che la vedrete, sar\u00e0 una piacevole sorpresa. <\/span><\/li>\n<li class=\"a-spacing-mini\"><span class=\"a-list-item\"> \u3010Decorazioni natalizie pi\u00f9 creative\u3011Potete non solo decorare la vostra casa o l&#8217;albero di Natale con i migliori ricordi dell&#8217;anno, ma anche usarlo per trasmettere i vostri migliori auguri ai vostri cari, familiari, amici o colleghi, e ricordare loro i momenti meravigliosi dell&#8217;anno con questo regalo originale. <\/span><\/li>\n<li class=\"a-spacing-mini\"><span class=\"a-list-item\"> \u3010Prodotto ben rifinito\u3011Questo appeso natalizio personalizzato \u00e8 realizzato in plastica e foglio di alluminio con stampa UV ad alta definizione, viene fornito con una corda per appendere, misura 8 x 8 cm, adatto per l&#8217;abbinamento con altre decorazioni natalizie per creare diversi effetti decorativi, pu\u00f2 essere utilizzato per feste di Natale, riunioni di famiglia e molte altre occasioni. <\/span><\/li>\n<li>Decora il tuo\u00a0<strong>albero<\/strong>\u00a0di\u00a0<strong>Natale<\/strong>\u00a0e tutta la\u00a0<strong>casa<\/strong>\u00a0con la giusta impronta di esclusivit\u00e0 e divertimento, con i nostri\u00a0<strong>addobbi<\/strong>\u00a0puoi\u00a0<strong>personalizzare sfere<\/strong>,\u00a0<strong>stelle<\/strong>,\u00a0<strong>fiocchi<\/strong>\u00a0di\u00a0<strong>neve<\/strong>\u00a0e tante altre sagome (<em>disponibili in pi\u00f9 formati<\/em>) con nomi, immagini, foto e frasi e fare un\u00a0<strong>regalo<\/strong>\u00a0davvero unico e speciale alle persone che pi\u00f9 ami.<\/li>\n<li>\n<h3 class=\"a-spacing-mini\">Personalizzate il vostro Natale!<\/h3>\n<p class=\"a-spacing-base\">Decorate il vostro Natale con baubles fotografici personalizzati pieni di ricordi! Ogni foto commemora un giorno meraviglioso di quest&#8217;anno, aiutandovi a ricordare i momenti belli della vostra vita, l&#8217;amore ricevuto e le benedizioni del nuovo anno.<\/p>\n<\/li>\n<li>\n<h3 class=\"a-spacing-mini\">Rendere pi\u00f9 gioiosi i momenti speciali<\/h3>\n<p class=\"a-spacing-base\">Un viaggio indimenticabile, un anniversario speciale, il primo Natale del bambino, un sorriso che vogliamo ricordare, unito al nostro anno passato, sicuramente ci sono momenti preziosi che volete ricordare, ricordiamo i momenti felici e facciamo pi\u00f9 gioia!<\/p>\n<\/li>\n<li>\n<h3 class=\"a-spacing-mini\">Decorazioni natalizie speciali e memorabili<\/h3>\n<p class=\"a-spacing-base\">In questo giorno di riunione natalizia, appendiamoli tutti insieme all&#8217;albero di Natale, per creare un ambiente di festa e godere di questo momento meraviglioso insieme ai vostri familiari e amici, che diventer\u00e0 un giorno indimenticabile!<\/p>\n<\/li>\n<li>\n<h3 class=\"a-spacing-mini\">Il primo Natale con lui\/lei<\/h3>\n<p class=\"a-spacing-base\">Volete celebrare il vostro primo Natale insieme? Allora iniziate ad addobbare il vostro albero di Natale, pieno di ricordi, che saranno sicuramente i ricordi pi\u00f9 indimenticabili di questo inverno.<\/p>\n<\/li>\n<li>\n<h3 class=\"a-spacing-mini\">Per una persona che amate, e portatele gioia<\/h3>\n<p class=\"a-spacing-base\">Un piccolo regalo di Natale, ma un ricordo unico, grazie a chi vi accompagna, che sia la famiglia, gli amici o i compagni di lavoro, \u00e8 un regalo a loro, ma anche per regalare loro il ricordo pi\u00f9 bello!<\/p>\n<\/li>\n<li><b>La Pallina di Natale personalizzata con le tue foto<\/b> pi\u00f9 felici, \u00e8 la decorazione che stai cercando per creare un albero unico e originale. Queste graziose <b>decorazioni di Natale personalizzate<\/b><\/li>\n<li>Pochi oggetti rappresentano il Natale pi\u00f9 del tradizionale albero decorato.E siccome non perdiamo occasione di circondarci delle nostre foto pi\u00f9 belle, abbiamo creato le Palle di Natale per celebrare le festivit\u00e0 con addobbi unici, fatti solo per noi.Le foto pi\u00f9 gettonate sono quelle di amici, partner, colleghi, genitori, bimbi, nonni, cani e gatti, ma c&#8217;\u00e8 anche chi arricchisce le decorazioni dell&#8217;abete con panorami, opere d&#8217;arte, disegni dei pi\u00f9 piccini e tanto altro.<\/li>\n<\/ul>\n<p>&nbsp;<\/p>\n<ul>\n<li>\n<h3 style=\"text-align: center;\"><strong>MAIL:<\/strong><strong><a href=\"mailto:stamperia99@gmail.com\">stamperia99@gmail.com<\/a><\/strong><a href=\"https:\/\/api.whatsapp.com\/send?phone=393292060226&amp;text=&amp;source=&amp;data=\" target=\"_blank\" rel=\"noopener noreferrer\"><img loading=\"lazy\" decoding=\"async\" class=\"irc_mi aligncenter lazyloaded\" src=\"https:\/\/www.freepnglogos.com\/uploads\/whatsapp-png-image-9.png\" alt=\"Risultati immagini per LOGO W.APP\" width=\"108\" height=\"108\" data-src=\"https:\/\/www.freepnglogos.com\/uploads\/whatsapp-png-image-9.png\" data- title=\"\"><\/a><\/h3>\n<p style=\"text-align: center;\"><img loading=\"lazy\" decoding=\"async\" class=\"wp-image-12765 aligncenter lazyloaded\" src=\"https:\/\/magliettepersonalizzateroma.com\/staging02052026\/wp-content\/uploads\/2022\/02\/cropped-cropped-cropped-consegna-a-casa-in-2-ore-e1678118722981-300x68.gif\" alt=\"stampa immediata e personalizzata\" width=\"376\" height=\"85\" data-srcset=\"https:\/\/magliettepersonalizzateroma.com\/staging02052026\/wp-content\/uploads\/2022\/02\/cropped-cropped-cropped-consegna-a-casa-in-2-ore-e1678118722981-300x68.gif 300w, https:\/\/magliettepersonalizzateroma.com\/staging02052026\/wp-content\/uploads\/2022\/02\/cropped-cropped-cropped-consegna-a-casa-in-2-ore-e1678118722981-768x174.gif 768w, https:\/\/magliettepersonalizzateroma.com\/staging02052026\/wp-content\/uploads\/2022\/02\/cropped-cropped-cropped-consegna-a-casa-in-2-ore-e1678118722981-600x136.gif 600w\" data-src=\"https:\/\/magliettepersonalizzateroma.com\/staging02052026\/wp-content\/uploads\/2022\/02\/cropped-cropped-cropped-consegna-a-casa-in-2-ore-e1678118722981-300x68.gif\" data-sizes=\"(max-width: 376px) 100vw, 376px\" data- title=\"\"><\/p>\n<\/li>\n<li style=\"text-align: center;\"><a href=\"https:\/\/magliettepersonalizzateroma.com\/staging02052026\/\">torna alla Home<\/a><\/li>\n<\/ul>\n","protected":false},"excerpt":{"rendered":"<h2>Addobbi Natalizi Personalizzati &#8211; Tondo<\/h2>\n","protected":false},"featured_media":14348,"template":"","meta":{"_kad_post_transparent":"default","_kad_post_title":"","_kad_post_layout":"default","_kad_post_sidebar_id":"","_kad_post_content_style":"default","_kad_post_vertical_padding":"default","_kad_post_feature":"","_kad_post_feature_position":"","_kad_post_header":false,"_kad_post_footer":false,"_kad_post_classname":""},"product_brand":[],"product_cat":[240],"product_tag":[],"class_list":{"0":"post-14320","1":"product","2":"type-product","3":"status-publish","4":"has-post-thumbnail","6":"product_cat-natale-da-personalizzare","8":"first","9":"instock","10":"shipping-taxable","11":"purchasable","12":"product-type-simple","13":"entry","14":"content-bg","15":"loop-entry"},"_links":{"self":[{"href":"https:\/\/magliettepersonalizzateroma.com\/staging02052026\/wp-json\/wp\/v2\/product\/14320","targetHints":{"allow":["GET"]}}],"collection":[{"href":"https:\/\/magliettepersonalizzateroma.com\/staging02052026\/wp-json\/wp\/v2\/product"}],"about":[{"href":"https:\/\/magliettepersonalizzateroma.com\/staging02052026\/wp-json\/wp\/v2\/types\/product"}],"wp:featuredmedia":[{"embeddable":true,"href":"https:\/\/magliettepersonalizzateroma.com\/staging02052026\/wp-json\/wp\/v2\/media\/14348"}],"wp:attachment":[{"href":"https:\/\/magliettepersonalizzateroma.com\/staging02052026\/wp-json\/wp\/v2\/media?parent=14320"}],"wp:term":[{"taxonomy":"product_brand","embeddable":true,"href":"https:\/\/magliettepersonalizzateroma.com\/staging02052026\/wp-json\/wp\/v2\/product_brand?post=14320"},{"taxonomy":"product_cat","embeddable":true,"href":"https:\/\/magliettepersonalizzateroma.com\/staging02052026\/wp-json\/wp\/v2\/product_cat?post=14320"},{"taxonomy":"product_tag","embeddable":true,"href":"https:\/\/magliettepersonalizzateroma.com\/staging02052026\/wp-json\/wp\/v2\/product_tag?post=14320"}],"curies":[{"name":"wp","href":"https:\/\/api.w.org\/{rel}","templated":true}]}}