{"id":14403,"date":"2023-12-01T18:28:18","date_gmt":"2023-12-01T17:28:18","guid":{"rendered":"https:\/\/magliettepersonalizzateroma.com\/staging02052026\/?post_type=product&#038;p=14403"},"modified":"2025-01-15T14:36:43","modified_gmt":"2025-01-15T13:36:43","slug":"calendario-mensile-personalizzato","status":"publish","type":"product","link":"https:\/\/magliettepersonalizzateroma.com\/staging02052026\/prodotto\/calendario-mensile-personalizzato\/","title":{"rendered":"Calendario Mensile personalizzato 30x40cm"},"content":{"rendered":"<p style=\"text-align: center;\">Calendario Mensile personalizzato 30x40cm<\/p>\n<div class=\"generic-block generic-block--expandable generic-block--stretch generic-block--no-margin\">\n<h1>Calendario Mensile personalizzato<\/h1>\n<\/div>\n<div class=\"generic-block generic-block--expandable generic-block--no-margin component-1\">\n<div class=\"component-container-1\">\n<div class=\"component-b-1\">Rendi il tuo nuovo anno indimenticabile con un calendario personalizzato.<br \/>\nStampa i tuoi ricordi pi\u00f9 belli su calendario mensile o annuale e rivivi tutte le volte che vuoi i tuoi momenti pi\u00f9 preziosi. Scegli il modello che si adatta alle tue esigenze, crea online il tuo calendario con le foto che ami di pi\u00f9 e aggiungi un tocco di originalit\u00e0 a ogni mese.<br \/>\nGrazie alla piattaforma online semplice ed intuitiva, puoi creare il tuo calendario personalizzato direttamente da casa tua. Potrai visualizzare in anteprima il risultato e apportare modifiche fino a quando non sarai completamente soddisfatto del tuo calendario.<br \/>\nAvrai a disposizione tantissime grafiche perfette per ogni occasione, cos\u00ec potrai donare un tocco di originalit\u00e0 a ogni mese del tuo nuovo anno.<br \/>\nCosa aspetti? Scopri le nostre proposte e crea il tuo calendario personalizzato online! Non lasciare che i tuoi ricordi pi\u00f9 belli rimangano nascosti nell&#8217;archivio del tuo telefono o del tuo computer.<\/div>\n<div class=\"component-b-1\">Crea un calendario personalizzato online da stampare e riscopri ogni giorno i tuoi scatti pi\u00f9 emozionanti!<br \/>\nNon accontentarti di un calendario qualunque! Realizza un fotocalendario personalizzato con le foto dei momenti pi\u00f9 emozionanti! Con Rikorda i calendari prendono mille forme: puoi creare dei CALENDARI DA PARETE, ideali per colorare la tua casa, o dei CALENDARI DA TAVOLOCrea il tuo calendario online oggi stesso e rendi il tuo nuovo anno davvero indimenticabile!<\/div>\n<\/div>\n<\/div>\n<p>Calendario Personalizzato Il regalo perfetto per Natale: per l\u2019ufficio, la casa, per i nonni che vogliono godere ogni giorno delle foto dei nipotini, per chi ama rallegrare l\u2019ambiente con le sue fotografie pi\u00f9 belle. Crea tanti Calendari online e personalizzali con uno dei tanti temi: ogni mese sar\u00e0 speciale !<\/p>\n<p>Calendario Personalizzato Il regalo perfetto per Natale: per l\u2019ufficio, la casa, per i nonni che vogliono godere ogni giorno delle foto dei nipotini, per chi ama rallegrare l\u2019ambiente con le sue fotografie pi\u00f9 belle. Crea tanti Calendari online e personalizzali con uno dei tanti temi: ogni mese sar\u00e0 speciale !<\/p>\n<p>Il dono di Natale adatto proprio a tutti: i Calendari Personalizzati sono veloci da realizzare, un oggetto sempre utile reso originale dalla tue foto e le tante grafiche che MyComposer ti mette a disposizione. Calendario Personalizzato Non ti resta che creare e divertirti!<\/p>\n<p>Con questo Calendario di design non perderai mai il conto dei giorni: \u00e8 cos\u00ec bello da guardare che non ti dimenticherai mai di controllare la data! Personalizzabile con le tue foto e temi grafici, \u00e8 anche un\u2019idea regalo Calendario Personalizzato perfetta per Natale.<\/p>\n<p>Ecco il Calendario perfetto per le tue foto scattate da smartphone. Un formato quadrato che ti permette di esporre in un formato originale le foto dei tuoi viaggi, delle gite, delle uscite con gli amici e i teneri momenti in famiglia.<\/p>\n<p>Se tra i progetti per l\u2019anno nuovo sono compresi tanto lavoro e studio, un Foto Calendario da tavolo \u00e8 quello che fa per te (o per la persona alla quale lo regalerai): la scrivania avr\u00e0 tutto un altro aspetto grazie alle tue fotografie e alle grafiche di MyComposer!<\/p>\n<p>I compleanni, gli esami, gli appuntamenti, gli allenamenti dei bambini: quante cose ogni giorno da ricordare! Se non puoi fare a meno di annotare tutto, lo Scrivibile Slim \u00e8 il calendario con foto personali perfetto per te: la comodit\u00e0 di un datario,Calendario Personalizzato\u00a0 unita al fascino delle tue immagini!<\/p>\n<div class=\"full-description radius-20 tc p-20 mb-30\">\n<div class=\"description-seo\">\n<p>La fotografia \u00e8 un&#8217;arte che cattura i momenti, trasformandoli in tesori preziosi. Come fotografo, ci sono sicuramente 12 scatti indimenticabili che hai immortalato, immagini che non ti stanchi mai di riguardare e che risvegliano emozioni profonde ogni volta. Immagina ora di poter condividere queste foto con il mondo intero in un formato unico e speciale: un <b>calendario fotografico<\/b> di alta qualit\u00e0. Grazie a PhotoS\u00ec, la stampa di un <b>calendario personalizzato<\/b> \u00e8 ora pi\u00f9 facile e veloce di quanto tu possa immaginare.<\/p>\n<p>Il processo di creazione di un calendario personalizzato \u00e8 semplice e intuitivo: basta scegliere il tema grafico e il formato del calendario che meglio valorizzano il tuo talento e i tuoi scatti. Puoi realizzare un <b>calendario personalizzato annuale<\/b>, che racconta la storia del tuo anno attraverso le tue foto, o un<b> calendario personalizzato mensile<\/b>, per mettere in risalto un tema o un evento specifico ogni mese. E per chi ama dare un tocco personale al proprio spazio di lavoro, il <b>calendario personalizzato da tavolo<\/b> \u00e8 l&#8217;opzione perfetta. Con una variet\u00e0 di formati, dal quadrato al rettangolare, ogni fotografo pu\u00f2 trovare il suo stile.<\/p>\n<p>Il Natale \u00e8 il momento ideale per iniziare a pensare alla creazione del calendario personalizzato. <b>Stampa calendario Natale<\/b> per iniziare il nuovo anno all\u2019insegna dell\u2019affetto, per dimostrare il tuo amore e la tua vicinanza a chi ti \u00e8 vicino. Un <b>calendario con foto personalizzato<\/b> pu\u00f2 rallegrare la scrivania o le pareti dell&#8217;ufficio, trasformandola in una galleria di arte personale. Ogni motivo, tutto sommato, \u00e8 quello giusto per scegliere e regalare un foto calendario.<\/p>\n<p>Calendario Personalizzato Permetti alla tua passione per la fotografia di accompagnarti mese dopo mese, e regala momenti speciali a te stesso e alle persone che ami. Con PhotoS\u00ec, \u00e8 possibile dare vita ai tuoi ricordi pi\u00f9 belli, trasformarli in un calendario e avere un pezzo del tuo mondo da condividere con le persone che ami!<\/p>\n<div class=\"description\">\n<p><strong>Scegli il mese da cui iniziare<br \/>\n<\/strong><\/p>\n<p>Perch\u00e8 aspettare la fine dell&#8217;anno quando puoi scegliere qualsiasi data? Con i calendari Snapfish potrai scegliere la data di inizio che preferisci.<\/p>\n<div class=\"description\">\n<p><strong>Qualit\u00e0 garantita<\/strong><\/p>\n<p>I nostri calendari personalizzati sono stampati su carta fotografica 250 g\/m\u00b2. Questa garantisce alla tua creazione una finitura professionale di alta qualit\u00e0.<\/p>\n<div class=\"description\">\n<p><strong>Personalizza le tue date<\/strong><\/p>\n<p>I nostri calendari creativi permettono di aggiungere foto e testi per segnare le date e gli eventi speciali da non dimenticare. Inoltre, contrassegnano le fesitivit\u00e0 e le ricorrenze importanti.<\/p>\n<div class=\"description\">\n<p><strong>Pronti da appendere<br \/>\n<\/strong><\/p>\n<p>Tutti i nostri calendari da parete sono dotati di un comodo foro o di un gancetto che li rende perfetti per essere appesi con facilit\u00e0.<\/p>\n<p>Crea il tuo calendario personalizzato utilizzando la nostra ampia scelta di design. Qualunque sia la tua idea, abbiamo tutto quello di cui hai bisogno per creare il calendario perfetto.<\/p>\n<\/div>\n<\/div>\n<\/div>\n<\/div>\n<\/div>\n<\/div>\n<p>&nbsp;<\/p>\n<ul>\n<li>\n<h3 style=\"text-align: center;\"><strong>MAIL:<\/strong><strong><a href=\"mailto:stamperia99@gmail.com\">stamperia99@gmail.com<\/a><\/strong><a href=\"https:\/\/api.whatsapp.com\/send?phone=393292060226&amp;text=&amp;source=&amp;data=\" target=\"_blank\" rel=\"noopener noreferrer\"><img loading=\"lazy\" decoding=\"async\" class=\"irc_mi aligncenter lazyloaded\" src=\"https:\/\/www.freepnglogos.com\/uploads\/whatsapp-png-image-9.png\" alt=\"Risultati immagini per LOGO W.APP\" width=\"108\" height=\"108\" data-src=\"https:\/\/www.freepnglogos.com\/uploads\/whatsapp-png-image-9.png\" data- title=\"\"><\/a><\/h3>\n<p style=\"text-align: center;\"><img loading=\"lazy\" decoding=\"async\" class=\"wp-image-12765 aligncenter lazyloaded\" src=\"https:\/\/magliettepersonalizzateroma.com\/staging02052026\/wp-content\/uploads\/2022\/02\/cropped-cropped-cropped-consegna-a-casa-in-2-ore-e1678118722981-300x68.gif\" alt=\"stampa immediata e personalizzata\" width=\"376\" height=\"85\" data-srcset=\"https:\/\/magliettepersonalizzateroma.com\/staging02052026\/wp-content\/uploads\/2022\/02\/cropped-cropped-cropped-consegna-a-casa-in-2-ore-e1678118722981-300x68.gif 300w, https:\/\/magliettepersonalizzateroma.com\/staging02052026\/wp-content\/uploads\/2022\/02\/cropped-cropped-cropped-consegna-a-casa-in-2-ore-e1678118722981-768x174.gif 768w, https:\/\/magliettepersonalizzateroma.com\/staging02052026\/wp-content\/uploads\/2022\/02\/cropped-cropped-cropped-consegna-a-casa-in-2-ore-e1678118722981-600x136.gif 600w\" data-src=\"https:\/\/magliettepersonalizzateroma.com\/staging02052026\/wp-content\/uploads\/2022\/02\/cropped-cropped-cropped-consegna-a-casa-in-2-ore-e1678118722981-300x68.gif\" data-sizes=\"(max-width: 376px) 100vw, 376px\" data- title=\"\"><\/p>\n<\/li>\n<li style=\"text-align: center;\"><a href=\"https:\/\/magliettepersonalizzateroma.com\/staging02052026\/\">torna alla Home<\/a><\/li>\n<\/ul>\n","protected":false},"excerpt":{"rendered":"<p>ATTENZIONE QUESTO PRODOTTO PRONTO IN 3\/4 GG LAVORATIVI<\/p>\n<p>Calendario Mensile personalizzato 30x40cm<\/p>\n<p><span class=\"pds-font-normal pds-text-base pds-leading-[22px]\">Il Calendario dura 12 mesi ma sei tu a scegliere il mese di inizio.<\/span><\/p>\n<p><strong>Tipo di carta:<\/strong> patinata lucida da 250 g.<br \/>\n<strong>Numero di pagine:<\/strong> 12 + copertina.<\/p>\n<p><span class=\"pds-font-normal pds-text-base pds-leading-[22px]\">Misura : 30&#215;40<\/span> cm<\/p>\n","protected":false},"featured_media":14410,"template":"","meta":{"_kad_post_transparent":"","_kad_post_title":"","_kad_post_layout":"","_kad_post_sidebar_id":"","_kad_post_content_style":"","_kad_post_vertical_padding":"","_kad_post_feature":"","_kad_post_feature_position":"","_kad_post_header":false,"_kad_post_footer":false,"_kad_post_classname":""},"product_brand":[],"product_cat":[298,57,240],"product_tag":[],"class_list":{"0":"post-14403","1":"product","2":"type-product","3":"status-publish","4":"has-post-thumbnail","6":"product_cat-calendario-personalizzato","7":"product_cat-gadgets-misti-personalizzati-express","8":"product_cat-natale-da-personalizzare","10":"first","11":"instock","12":"shipping-taxable","13":"purchasable","14":"product-type-simple","15":"entry","16":"content-bg","17":"loop-entry"},"_links":{"self":[{"href":"https:\/\/magliettepersonalizzateroma.com\/staging02052026\/wp-json\/wp\/v2\/product\/14403","targetHints":{"allow":["GET"]}}],"collection":[{"href":"https:\/\/magliettepersonalizzateroma.com\/staging02052026\/wp-json\/wp\/v2\/product"}],"about":[{"href":"https:\/\/magliettepersonalizzateroma.com\/staging02052026\/wp-json\/wp\/v2\/types\/product"}],"wp:featuredmedia":[{"embeddable":true,"href":"https:\/\/magliettepersonalizzateroma.com\/staging02052026\/wp-json\/wp\/v2\/media\/14410"}],"wp:attachment":[{"href":"https:\/\/magliettepersonalizzateroma.com\/staging02052026\/wp-json\/wp\/v2\/media?parent=14403"}],"wp:term":[{"taxonomy":"product_brand","embeddable":true,"href":"https:\/\/magliettepersonalizzateroma.com\/staging02052026\/wp-json\/wp\/v2\/product_brand?post=14403"},{"taxonomy":"product_cat","embeddable":true,"href":"https:\/\/magliettepersonalizzateroma.com\/staging02052026\/wp-json\/wp\/v2\/product_cat?post=14403"},{"taxonomy":"product_tag","embeddable":true,"href":"https:\/\/magliettepersonalizzateroma.com\/staging02052026\/wp-json\/wp\/v2\/product_tag?post=14403"}],"curies":[{"name":"wp","href":"https:\/\/api.w.org\/{rel}","templated":true}]}}