{"id":7151,"date":"2022-02-03T14:01:49","date_gmt":"2022-02-03T13:01:49","guid":{"rendered":"https:\/\/magliettepersonalizzateroma.com\/staging02052026\/negozio\/tele-personalizzate\/tela-personalizzata-50x70-cm\/"},"modified":"2026-04-09T12:01:20","modified_gmt":"2026-04-09T10:01:20","slug":"tela-personalizzata-50x70-cm","status":"publish","type":"product","link":"https:\/\/magliettepersonalizzateroma.com\/staging02052026\/prodotto\/tela-personalizzata-50x70-cm\/","title":{"rendered":"Tela personalizzata-pc-50&#215;70 (in 72 ore)"},"content":{"rendered":"<h2 style=\"text-align: center;\">Tela Personalizzata<\/h2>\n<h3 style=\"text-align: center;\">si prega di fornire immagine in alta qualita&#8217;<\/h3>\n<h3 style=\"text-align: center;\"><a href=\"https:\/\/t-shirtmaker.sumup.link\/\" target=\"_blank\" rel=\"noopener\">ODINA E PAGA : con <\/a><a href=\"https:\/\/t-shirtmaker.sumup.link\/\" target=\"_blank\" rel=\"noopener\">SUMUP<\/a><a href=\"https:\/\/t-shirtmaker.sumup.link\/\" target=\"_blank\" rel=\"noopener\"> e<\/a><a href=\"https:\/\/pay.trisbee.com\/stamperiaroma\" target=\"_blank\" rel=\"noopener\"> Trisbee Pay<\/a><\/h3>\n<h3 style=\"text-align: center;\"><strong>Cellulare:<\/strong><strong>329.2060226 <\/strong><\/h3>\n<h3 style=\"text-align: center;\"><strong>MAIL:<\/strong><strong><a href=\"mailto:stamperia99@gmail.com\">stamperia99@gmail.com<\/a><\/strong><\/h3>\n<h3 style=\"text-align: center;\">al momento per ordinare manda un w.app al 3292060226 vi seguiamo noi<\/h3>\n<h3 style=\"text-align: center;\"><a href=\"https:\/\/api.whatsapp.com\/send?phone=393292060226&amp;text=&amp;source=&amp;data=\" target=\"_blank\" rel=\"noopener noreferrer\"><img loading=\"lazy\" decoding=\"async\" class=\"irc_mi aligncenter\" src=\"https:\/\/www.freepnglogos.com\/uploads\/whatsapp-png-image-9.png\" alt=\"Risultati immagini per LOGO W.APP\" width=\"108\" height=\"108\" title=\"\"><\/a><\/h3>\n<div class=\"markdown markdown-main-panel\" dir=\"ltr\">\n<p data-sourcepos=\"1:1-1:379\">Una tela personalizzata \u00e8 un&#8217;ottima idea regalo per qualsiasi occasione. Pu\u00f2 essere un regalo unico e speciale per un amico, un familiare o un collega. Una tela personalizzata pu\u00f2 essere un modo per celebrare un evento speciale, come una nascita, un matrimonio o un compleanno. Pu\u00f2 anche essere un modo per ricordare un momento speciale, come un viaggio, una vacanza o una festa.<\/p>\n<p data-sourcepos=\"3:1-3:176\">Esistono molti modi per personalizzare una tela. Puoi aggiungere una foto, un disegno, una scritta o una frase. Puoi anche scegliere il tipo di tela, il colore e le dimensioni.<\/p>\n<p data-sourcepos=\"5:1-5:156\">Se stai cercando un regalo unico e speciale, una tela personalizzata \u00e8 un&#8217;ottima scelta. \u00c8 un regalo che il destinatario apprezzer\u00e0 per molti anni a venire.<\/p>\n<p data-sourcepos=\"7:1-7:75\">Ecco alcuni suggerimenti per scegliere una tela personalizzata come regalo:<\/p>\n<ul data-sourcepos=\"9:1-13:0\">\n<li data-sourcepos=\"9:1-9:98\">Pensa a chi ricever\u00e0 il regalo. Quali sono i suoi interessi? Quali sono i suoi colori preferiti?<\/li>\n<li data-sourcepos=\"10:1-10:73\">Scegli una foto o un disegno che sia significativo per il destinatario.<\/li>\n<li data-sourcepos=\"11:1-11:87\">Scegli un tipo di tela e un colore che si adattino alla personalit\u00e0 del destinatario.<\/li>\n<li data-sourcepos=\"12:1-13:0\">Personalizza la tela con una frase o una scritta che sia significativa per il destinatario.<\/li>\n<\/ul>\n<p data-sourcepos=\"14:1-14:110\">Con un po&#8217; di creativit\u00e0, puoi creare una tela personalizzata che sia un regalo unico e speciale per chiunque.<\/p>\n<p data-sourcepos=\"14:1-14:110\"><a href=\"https:\/\/magliettepersonalizzateroma.com\/staging02052026\/\">torna alla Home<\/a><\/p>\n<\/div>\n","protected":false},"excerpt":{"rendered":"<div class=\"manufactoring__content\">\n<p><strong>Tela personalizzata in 48\/72 ore lavorative<br \/>\n<\/strong><\/p>\n<div class=\"cell large-3\">\n<div class=\"manufactoring__title\">altri Formati -3,5 cm :<\/div>\n<div class=\"manufactoring__content\">\n<ul>\n<li>20&#215;20 &#8211;\u00a0 <b>29,90 \u20ac<\/b><\/li>\n<li>20&#215;30 &#8211; <b>34,90 \u20ac<\/b><\/li>\n<li>30&#215;30 &#8211;\u00a0 <b>44,90 \u20ac<\/b><\/li>\n<li>30&#215;40 &#8211;\u00a0 <b>44,90 \u20ac<\/b><\/li>\n<li>40&#215;40 &#8211;\u00a0 <b>54,90 \u20ac<\/b><\/li>\n<li>40&#215;60 &#8211; <b>59,90 \u20ac<\/b><\/li>\n<li>50&#215;50 &#8211;\u00a0 <b>59,90 \u20ac<\/b><\/li>\n<li>50&#215;70 &#8211;\u00a0 <b>69,90 \u20ac<\/b><\/li>\n<li>60&#215;90 &#8211; <b>74,90 \u20ac<\/b><\/li>\n<li>50&#215;100 &#8211; <b>99,00 \u20ac<\/b><\/li>\n<li>90&#215;90 &#8211; <b>109,90 \u20ac<\/b><\/li>\n<li>90&#215;120 &#8211; <b>129,00 \u20ac<\/b><\/li>\n<li>120&#215;120 &#8211; <b>159,00 \u20ac<\/b><\/li>\n<\/ul>\n<\/div>\n<\/div>\n<p>Quadro in pregiata tela di cotone con telaio in legno personalizzabile.<\/p>\n<p>altri formati su richiesta,vedi discrizioni<\/p>\n<p>&nbsp;<\/p>\n<\/div>\n","protected":false},"featured_media":7154,"template":"","meta":{"_kad_post_transparent":"default","_kad_post_title":"","_kad_post_layout":"default","_kad_post_sidebar_id":"","_kad_post_content_style":"default","_kad_post_vertical_padding":"default","_kad_post_feature":"","_kad_post_feature_position":"","_kad_post_header":false,"_kad_post_footer":false,"_kad_post_classname":""},"product_brand":[],"product_cat":[297,237],"product_tag":[],"class_list":{"0":"post-7151","1":"product","2":"type-product","3":"status-publish","4":"has-post-thumbnail","6":"product_cat-in-lavorazione","7":"product_cat-quadri-e-tele-personalizzati","9":"first","10":"instock","11":"shipping-taxable","12":"purchasable","13":"product-type-simple","14":"entry","15":"content-bg","16":"loop-entry"},"_links":{"self":[{"href":"https:\/\/magliettepersonalizzateroma.com\/staging02052026\/wp-json\/wp\/v2\/product\/7151","targetHints":{"allow":["GET"]}}],"collection":[{"href":"https:\/\/magliettepersonalizzateroma.com\/staging02052026\/wp-json\/wp\/v2\/product"}],"about":[{"href":"https:\/\/magliettepersonalizzateroma.com\/staging02052026\/wp-json\/wp\/v2\/types\/product"}],"wp:featuredmedia":[{"embeddable":true,"href":"https:\/\/magliettepersonalizzateroma.com\/staging02052026\/wp-json\/wp\/v2\/media\/7154"}],"wp:attachment":[{"href":"https:\/\/magliettepersonalizzateroma.com\/staging02052026\/wp-json\/wp\/v2\/media?parent=7151"}],"wp:term":[{"taxonomy":"product_brand","embeddable":true,"href":"https:\/\/magliettepersonalizzateroma.com\/staging02052026\/wp-json\/wp\/v2\/product_brand?post=7151"},{"taxonomy":"product_cat","embeddable":true,"href":"https:\/\/magliettepersonalizzateroma.com\/staging02052026\/wp-json\/wp\/v2\/product_cat?post=7151"},{"taxonomy":"product_tag","embeddable":true,"href":"https:\/\/magliettepersonalizzateroma.com\/staging02052026\/wp-json\/wp\/v2\/product_tag?post=7151"}],"curies":[{"name":"wp","href":"https:\/\/api.w.org\/{rel}","templated":true}]}}